{"id":1417,"date":"2019-05-23T15:13:35","date_gmt":"2019-05-23T13:13:35","guid":{"rendered":"http:\/\/blog.fondation-ove.fr\/celadon\/?page_id=1417"},"modified":"2019-05-23T15:13:35","modified_gmt":"2019-05-23T13:13:35","slug":"mercredi-22-mai","status":"publish","type":"page","link":"https:\/\/blog.fondation-ove.fr\/celadon\/mercredi-22-mai\/","title":{"rendered":"Mercredi 22 mai"},"content":{"rendered":"\n<p style=\"text-align:center\"><strong>Equitation<\/strong><\/p>\n\n\n\n<p>Quand on est arriv\u00e9s, on est all\u00e9s chercher les chevaux.<\/p>\n\n\n\n<p>On les a bross\u00e9s, on a mis le tapis et la selle puis le licol.<\/p>\n\n\n\n<p>On est all\u00e9s \u00e0 la carri\u00e8re. Au d\u00e9but, on a march\u00e9 \u00e0 c\u00f4t\u00e9 de nos chevaux puis on est mont\u00e9 dessus apr\u00e8s que la monitrice nous ait expliqu\u00e9 comment le faire.<\/p>\n\n\n\n<p>Ensuite, on est all\u00e9 faire une balade dans les bois mais il fallait faire vite car nous devions rentrer.<\/p>\n\n\n\n<p style=\"text-align:center\"><strong>Accrobranche<\/strong><\/p>\n\n\n\n<p>Nous sommes all\u00e9s \u00e0 Jas sport pour faire de l&rsquo;accrobranche avec K\u00e9vin et Corentin .<\/p>\n\n\n\n<p>On a d&rsquo;abord mis un baudrier avant de grimper dans les arbres . <\/p>\n\n\n\n<p>Sur la premi\u00e8re plate-forme, on a appris \u00e0 fixer nos longes avec des mousquetons sur la ligne de vie. Il y avait diff\u00e9rents  ateliers : des ponts de singe, des balan\u00e7oires, des tonneaux, des tyroliennes pour r\u00e9aliser des parcours dans les arbres. Il y a une fille du lyc\u00e9e qui \u00e9tait coinc\u00e9e. <\/p>\n\n\n\n<p>C\u2019\u00e9tait bien.<\/p>\n\n\n\n<p>Gr\u00e9goire<br><\/p>\n","protected":false},"excerpt":{"rendered":"<p>Equitation Quand on est arriv\u00e9s, on est all\u00e9s chercher les chevaux. On les a bross\u00e9s, on a mis le tapis et la selle puis le licol. On est all\u00e9s \u00e0 la carri\u00e8re. Au d\u00e9but, on a march\u00e9 \u00e0 c\u00f4t\u00e9 de &hellip; <a href=\"https:\/\/blog.fondation-ove.fr\/celadon\/mercredi-22-mai\/\">Continuer la lecture <span class=\"meta-nav\">&rarr;<\/span><\/a><\/p>\n","protected":false},"author":413,"featured_media":0,"parent":0,"menu_order":0,"comment_status":"closed","ping_status":"closed","template":"","meta":{"ngg_post_thumbnail":0,"footnotes":""},"class_list":["post-1417","page","type-page","status-publish","hentry"],"_links":{"self":[{"href":"https:\/\/blog.fondation-ove.fr\/celadon\/wp-json\/wp\/v2\/pages\/1417","targetHints":{"allow":["GET"]}}],"collection":[{"href":"https:\/\/blog.fondation-ove.fr\/celadon\/wp-json\/wp\/v2\/pages"}],"about":[{"href":"https:\/\/blog.fondation-ove.fr\/celadon\/wp-json\/wp\/v2\/types\/page"}],"author":[{"embeddable":true,"href":"https:\/\/blog.fondation-ove.fr\/celadon\/wp-json\/wp\/v2\/users\/413"}],"replies":[{"embeddable":true,"href":"https:\/\/blog.fondation-ove.fr\/celadon\/wp-json\/wp\/v2\/comments?post=1417"}],"version-history":[{"count":1,"href":"https:\/\/blog.fondation-ove.fr\/celadon\/wp-json\/wp\/v2\/pages\/1417\/revisions"}],"predecessor-version":[{"id":1419,"href":"https:\/\/blog.fondation-ove.fr\/celadon\/wp-json\/wp\/v2\/pages\/1417\/revisions\/1419"}],"wp:attachment":[{"href":"https:\/\/blog.fondation-ove.fr\/celadon\/wp-json\/wp\/v2\/media?parent=1417"}],"curies":[{"name":"wp","href":"https:\/\/api.w.org\/{rel}","templated":true}]}}