{"id":1397,"date":"2019-05-16T15:01:14","date_gmt":"2019-05-16T13:01:14","guid":{"rendered":"http:\/\/blog.fondation-ove.fr\/celadon\/?page_id=1397"},"modified":"2019-05-16T15:14:39","modified_gmt":"2019-05-16T13:14:39","slug":"tournoi-de-foot-a-thiers","status":"publish","type":"page","link":"https:\/\/blog.fondation-ove.fr\/celadon\/tournoi-de-foot-a-thiers\/","title":{"rendered":"Tournoi de foot \u00e0 Thiers"},"content":{"rendered":"\n<p>On est all\u00e9s faire un tournoi de football \u00e0 Thiers. <\/p>\n\n\n\n<p>En arrivant, on est all\u00e9s \u00e0 l&rsquo;accueil pour r\u00e9cup\u00e9rer les tenues qui nous ont \u00e9t\u00e9 offertes : un short blanc et un tee-shirt rouge. On est all\u00e9s au vestiaire pour nous changer puis on a fait une photo avec une r\u00e9plique de la coupe du monde. <\/p>\n\n\n\n<figure class=\"wp-block-image\"><img decoding=\"async\" src=\"http:\/\/blog.fondation-ove.fr\/celadon\/wp-content\/uploads\/sites\/56\/2019\/05\/IMG_07661-1024x768.jpg\" alt=\"\" class=\"wp-image-1402\" \/><\/figure>\n\n\n\n<p>Ensuite, on a rejoint le terrain o\u00f9 on nous a expliqu\u00e9 les exercices qu&rsquo;on devait faire.<\/p>\n\n\n\n<p>Puis, on a pique niqu\u00e9 avant de faire un d\u00e9fil\u00e9 pendant lequel on devait tenir un ballon de baudruche qu&rsquo;on finit par l\u00e2cher. <\/p>\n\n\n\n<p>Le tournoi a enfin commenc\u00e9. On repr\u00e9sentait l&rsquo;\u00e9quipe d&rsquo;Allemagne.<\/p>\n\n\n\n<p>On a commenc\u00e9 \u00e0 jouer contre l&rsquo;Italie et on les a gagn\u00e9s 12 \u00e0 0. Pour le deuxi\u00e8me match, on a gagn\u00e9 8 \u00e0 2 contre l&rsquo;Espagne. On perdu le dernier match 2 \u00e0 0 contre l&rsquo;Angleterre.<\/p>\n\n\n\n<p>Puis, on est all\u00e9s poser les affaires dans le bus et apr\u00e8s on a go\u00fbt\u00e9 et bu avant de rentrer \u00e0 l&rsquo;IME o\u00f9 on est arriv\u00e9s \u00e0 17 heures 30. <\/p>\n\n\n\n<p>Corentin et Esteban                                                                                    <\/p>\n","protected":false},"excerpt":{"rendered":"<p>On est all\u00e9s faire un tournoi de football \u00e0 Thiers. En arrivant, on est all\u00e9s \u00e0 l&rsquo;accueil pour r\u00e9cup\u00e9rer les tenues qui nous ont \u00e9t\u00e9 offertes : un short blanc et un tee-shirt rouge. On est all\u00e9s au vestiaire pour &hellip; <a href=\"https:\/\/blog.fondation-ove.fr\/celadon\/tournoi-de-foot-a-thiers\/\">Continuer la lecture <span class=\"meta-nav\">&rarr;<\/span><\/a><\/p>\n","protected":false},"author":413,"featured_media":0,"parent":0,"menu_order":0,"comment_status":"closed","ping_status":"closed","template":"","meta":{"ngg_post_thumbnail":0,"footnotes":""},"class_list":["post-1397","page","type-page","status-publish","hentry"],"_links":{"self":[{"href":"https:\/\/blog.fondation-ove.fr\/celadon\/wp-json\/wp\/v2\/pages\/1397","targetHints":{"allow":["GET"]}}],"collection":[{"href":"https:\/\/blog.fondation-ove.fr\/celadon\/wp-json\/wp\/v2\/pages"}],"about":[{"href":"https:\/\/blog.fondation-ove.fr\/celadon\/wp-json\/wp\/v2\/types\/page"}],"author":[{"embeddable":true,"href":"https:\/\/blog.fondation-ove.fr\/celadon\/wp-json\/wp\/v2\/users\/413"}],"replies":[{"embeddable":true,"href":"https:\/\/blog.fondation-ove.fr\/celadon\/wp-json\/wp\/v2\/comments?post=1397"}],"version-history":[{"count":3,"href":"https:\/\/blog.fondation-ove.fr\/celadon\/wp-json\/wp\/v2\/pages\/1397\/revisions"}],"predecessor-version":[{"id":1403,"href":"https:\/\/blog.fondation-ove.fr\/celadon\/wp-json\/wp\/v2\/pages\/1397\/revisions\/1403"}],"wp:attachment":[{"href":"https:\/\/blog.fondation-ove.fr\/celadon\/wp-json\/wp\/v2\/media?parent=1397"}],"curies":[{"name":"wp","href":"https:\/\/api.w.org\/{rel}","templated":true}]}}