{"id":1370,"date":"2019-05-02T15:16:18","date_gmt":"2019-05-02T13:16:18","guid":{"rendered":"http:\/\/blog.fondation-ove.fr\/celadon\/?page_id=1370"},"modified":"2019-05-03T12:01:25","modified_gmt":"2019-05-03T10:01:25","slug":"lesat-de-la-roche","status":"publish","type":"page","link":"https:\/\/blog.fondation-ove.fr\/celadon\/lesat-de-la-roche\/","title":{"rendered":"L&rsquo;ESAT DE LA ROCHE"},"content":{"rendered":"\n<p><\/p>\n\n\n\n<p>Enfin, \u00e0  Amplepluis c&rsquo;est la blanchisserie. Ils nettoient le linge pour des h\u00f4pitaux, des EPHAD, des villes. Ils traitent 3,5t de linge par jour. Ils ont des \u00e9normes machines \u00e0 laver, de gros s\u00e9choirs. Ils ont \u00e9galement une machine unique en France pour s\u00e9cher , repasser et plier les draps. <\/p>\n\n\n\n<p>Lundi 29 avril, nous sommes all\u00e9s \u00e0 Tarare pour visiter l&rsquo;ESAT de la Roche. Il y a trois sites. <\/p>\n\n\n\n<p>A Tarare, il y a l&rsquo;atelier de la m\u00e9tallerie. Ils soudent avec des machines pour faire des \u00e9tag\u00e8res et aussi des chaises, des tables, des  grilles de magasins et des pr\u00e9sentoirs. <\/p>\n\n\n\n<figure class=\"wp-block-image\"><img decoding=\"async\" src=\"http:\/\/blog.fondation-ove.fr\/celadon\/wp-content\/uploads\/sites\/56\/2019\/05\/esat-3.jpg\" alt=\"\" class=\"wp-image-1387\" \/><\/figure>\n\n\n\n<p>Aux Sauvages, il y a le conditionnement  et les espaces verts. Ils font du pliage de cartons. Ils  emballent  des kits m\u00e9dicaux, des fruits secs. Ils fabriquent aussi des balais pour laver les sols. Ils ont une \u00e9quipe espaces verts, mais ils \u00e9taient en chantier. <\/p>\n\n\n\n<p>C&rsquo;\u00e9tait bien la visite de l&rsquo;ESAT. <br>Nous avons pique niqu\u00e9 au lac des  sapins et apr\u00e8s nous sommes rentr\u00e9s \u00e0 Feurs. <\/p>\n\n\n\n<figure class=\"wp-block-image\"><img decoding=\"async\" src=\"http:\/\/blog.fondation-ove.fr\/celadon\/wp-content\/uploads\/sites\/56\/2019\/05\/esat-1.jpg\" alt=\"\" class=\"wp-image-1386\" \/><\/figure>\n\n\n\n<p>Corentin et Furkan<\/p>\n","protected":false},"excerpt":{"rendered":"<p>Enfin, \u00e0 Amplepluis c&rsquo;est la blanchisserie. Ils nettoient le linge pour des h\u00f4pitaux, des EPHAD, des villes. Ils traitent 3,5t de linge par jour. Ils ont des \u00e9normes machines \u00e0 laver, de gros s\u00e9choirs. Ils ont \u00e9galement une machine unique &hellip; <a href=\"https:\/\/blog.fondation-ove.fr\/celadon\/lesat-de-la-roche\/\">Continuer la lecture <span class=\"meta-nav\">&rarr;<\/span><\/a><\/p>\n","protected":false},"author":413,"featured_media":0,"parent":0,"menu_order":0,"comment_status":"closed","ping_status":"closed","template":"","meta":{"ngg_post_thumbnail":0,"footnotes":""},"class_list":["post-1370","page","type-page","status-publish","hentry"],"_links":{"self":[{"href":"https:\/\/blog.fondation-ove.fr\/celadon\/wp-json\/wp\/v2\/pages\/1370","targetHints":{"allow":["GET"]}}],"collection":[{"href":"https:\/\/blog.fondation-ove.fr\/celadon\/wp-json\/wp\/v2\/pages"}],"about":[{"href":"https:\/\/blog.fondation-ove.fr\/celadon\/wp-json\/wp\/v2\/types\/page"}],"author":[{"embeddable":true,"href":"https:\/\/blog.fondation-ove.fr\/celadon\/wp-json\/wp\/v2\/users\/413"}],"replies":[{"embeddable":true,"href":"https:\/\/blog.fondation-ove.fr\/celadon\/wp-json\/wp\/v2\/comments?post=1370"}],"version-history":[{"count":3,"href":"https:\/\/blog.fondation-ove.fr\/celadon\/wp-json\/wp\/v2\/pages\/1370\/revisions"}],"predecessor-version":[{"id":1389,"href":"https:\/\/blog.fondation-ove.fr\/celadon\/wp-json\/wp\/v2\/pages\/1370\/revisions\/1389"}],"wp:attachment":[{"href":"https:\/\/blog.fondation-ove.fr\/celadon\/wp-json\/wp\/v2\/media?parent=1370"}],"curies":[{"name":"wp","href":"https:\/\/api.w.org\/{rel}","templated":true}]}}