{"id":1268,"date":"2019-03-22T09:44:45","date_gmt":"2019-03-22T08:44:45","guid":{"rendered":"http:\/\/blog.fondation-ove.fr\/celadon\/?page_id=1268"},"modified":"2019-03-22T10:24:41","modified_gmt":"2019-03-22T09:24:41","slug":"jeudi-21-mars-troisieme-seance","status":"publish","type":"page","link":"https:\/\/blog.fondation-ove.fr\/celadon\/jeudi-21-mars-troisieme-seance\/","title":{"rendered":"Jeudi 21 mars, troisi\u00e8me s\u00e9ance"},"content":{"rendered":"<p><strong>Pr\u00e9sentation des artistes :<\/strong><\/p>\n<p>Est\u00e9ban et Cream<\/p>\n<p><img loading=\"lazy\" decoding=\"async\" class=\"size-medium wp-image-1275 aligncenter\" src=\"http:\/\/blog.fondation-ove.fr\/celadon\/wp-content\/uploads\/sites\/56\/2019\/03\/chev-9-225x300.jpg\" alt=\"\" width=\"225\" height=\"300\"><\/p>\n<p>Gr\u00e9goire et Indie<\/p>\n<p><img loading=\"lazy\" decoding=\"async\" class=\"size-medium wp-image-1274 aligncenter\" src=\"http:\/\/blog.fondation-ove.fr\/celadon\/wp-content\/uploads\/sites\/56\/2019\/03\/chev-8-225x300.jpg\" alt=\"\" width=\"225\" height=\"300\"><\/p>\n<p>Julien et Rambo<\/p>\n<p><img loading=\"lazy\" decoding=\"async\" class=\"size-medium wp-image-1273 aligncenter\" src=\"http:\/\/blog.fondation-ove.fr\/celadon\/wp-content\/uploads\/sites\/56\/2019\/03\/chev-7-225x300.jpg\" alt=\"\" width=\"225\" height=\"300\"><\/p>\n<p>Kylian et Qu\u00e9nia<\/p>\n<p><img loading=\"lazy\" decoding=\"async\" class=\"size-medium wp-image-1237\" src=\"http:\/\/blog.fondation-ove.fr\/celadon\/wp-content\/uploads\/sites\/56\/2019\/03\/IMG_20190314_143431-300x225.jpg\" alt=\"\" width=\"300\" height=\"225\"><\/p>\n<p>Naomie et Bulle<\/p>\n<p><img loading=\"lazy\" decoding=\"async\" class=\"size-medium wp-image-1272 aligncenter\" src=\"http:\/\/blog.fondation-ove.fr\/celadon\/wp-content\/uploads\/sites\/56\/2019\/03\/chev-6-225x300.jpg\" alt=\"\" width=\"225\" height=\"300\"><\/p>\n<p>Nathan et Brownie<\/p>\n<p><img loading=\"lazy\" decoding=\"async\" class=\"size-medium wp-image-1271 aligncenter\" src=\"http:\/\/blog.fondation-ove.fr\/celadon\/wp-content\/uploads\/sites\/56\/2019\/03\/chev-5-225x300.jpg\" alt=\"\" width=\"225\" height=\"300\"><\/p>\n<p>On est arriv\u00e9s au centre \u00e9questre. On est all\u00e9s chercher les licols. On s&rsquo;est entrain\u00e9s \u00e0 mettre les licols puis on est all\u00e9s chercher les chevaux dans leur pr\u00e9. <img loading=\"lazy\" decoding=\"async\" class=\"alignnone size-medium wp-image-1279 aligncenter\" src=\"http:\/\/blog.fondation-ove.fr\/celadon\/wp-content\/uploads\/sites\/56\/2019\/03\/ch4-225x300.jpg\" alt=\"\" width=\"225\" height=\"300\"><\/p>\n<p><img loading=\"lazy\" decoding=\"async\" class=\"alignnone size-medium wp-image-1276 aligncenter\" src=\"http:\/\/blog.fondation-ove.fr\/celadon\/wp-content\/uploads\/sites\/56\/2019\/03\/ch5-225x300.jpg\" alt=\"\" width=\"225\" height=\"300\"><\/p>\n<p>Puis on les a bross\u00e9s. On est sortis de l\u2019\u00e9curie,&nbsp; on les a fait boire et apr\u00e8s, on est all\u00e9s les promener dans la carri\u00e8re. Ensuite, on les a emmen\u00e9s au pr\u00e9 sauf Cream qui dort dans son box.<\/p>\n<p><img loading=\"lazy\" decoding=\"async\" class=\"alignnone size-medium wp-image-1278 aligncenter\" src=\"http:\/\/blog.fondation-ove.fr\/celadon\/wp-content\/uploads\/sites\/56\/2019\/03\/ch6-225x300.jpg\" alt=\"\" width=\"225\" height=\"300\"><\/p>\n<p><img loading=\"lazy\" decoding=\"async\" class=\"alignnone size-medium wp-image-1277 aligncenter\" src=\"http:\/\/blog.fondation-ove.fr\/celadon\/wp-content\/uploads\/sites\/56\/2019\/03\/ch10-225x300.jpg\" alt=\"\" width=\"225\" height=\"300\"><\/p>\n<p>Et nous sommes rentr\u00e9s&#8230;suite au prochain num\u00e9ro !<\/p>\n<p>Est\u00e9ban, Kylian, Julien et Nathan &nbsp;&nbsp;&nbsp;&nbsp;&nbsp;&nbsp;&nbsp;&nbsp;&nbsp;&nbsp;&nbsp;&nbsp;&nbsp;&nbsp;&nbsp;&nbsp;&nbsp;&nbsp;&nbsp;&nbsp;&nbsp;&nbsp;&nbsp;&nbsp;&nbsp;&nbsp;&nbsp;&nbsp;&nbsp;&nbsp;&nbsp;&nbsp;&nbsp;&nbsp;&nbsp;&nbsp;&nbsp;&nbsp;&nbsp;&nbsp;&nbsp;&nbsp;&nbsp;&nbsp;&nbsp;&nbsp;&nbsp;&nbsp;&nbsp;&nbsp;&nbsp;&nbsp;&nbsp;&nbsp;&nbsp;&nbsp;&nbsp;&nbsp;&nbsp;&nbsp;&nbsp;&nbsp;&nbsp;&nbsp;&nbsp;&nbsp;&nbsp;&nbsp;&nbsp;&nbsp;&nbsp;&nbsp;&nbsp;&nbsp;&nbsp;&nbsp;&nbsp;&nbsp;&nbsp;&nbsp;&nbsp;&nbsp;&nbsp;&nbsp;&nbsp;&nbsp;&nbsp;<\/p>\n","protected":false},"excerpt":{"rendered":"<p>Pr\u00e9sentation des artistes : Est\u00e9ban et Cream Gr\u00e9goire et Indie Julien et Rambo Kylian et Qu\u00e9nia Naomie et Bulle Nathan et Brownie On est arriv\u00e9s au centre \u00e9questre. On est all\u00e9s chercher les licols. On s&rsquo;est entrain\u00e9s \u00e0 mettre les &hellip; <a href=\"https:\/\/blog.fondation-ove.fr\/celadon\/jeudi-21-mars-troisieme-seance\/\">Continuer la lecture <span class=\"meta-nav\">&rarr;<\/span><\/a><\/p>\n","protected":false},"author":413,"featured_media":0,"parent":0,"menu_order":0,"comment_status":"closed","ping_status":"closed","template":"","meta":{"ngg_post_thumbnail":0,"footnotes":""},"class_list":["post-1268","page","type-page","status-publish","hentry"],"_links":{"self":[{"href":"https:\/\/blog.fondation-ove.fr\/celadon\/wp-json\/wp\/v2\/pages\/1268","targetHints":{"allow":["GET"]}}],"collection":[{"href":"https:\/\/blog.fondation-ove.fr\/celadon\/wp-json\/wp\/v2\/pages"}],"about":[{"href":"https:\/\/blog.fondation-ove.fr\/celadon\/wp-json\/wp\/v2\/types\/page"}],"author":[{"embeddable":true,"href":"https:\/\/blog.fondation-ove.fr\/celadon\/wp-json\/wp\/v2\/users\/413"}],"replies":[{"embeddable":true,"href":"https:\/\/blog.fondation-ove.fr\/celadon\/wp-json\/wp\/v2\/comments?post=1268"}],"version-history":[{"count":4,"href":"https:\/\/blog.fondation-ove.fr\/celadon\/wp-json\/wp\/v2\/pages\/1268\/revisions"}],"predecessor-version":[{"id":1282,"href":"https:\/\/blog.fondation-ove.fr\/celadon\/wp-json\/wp\/v2\/pages\/1268\/revisions\/1282"}],"wp:attachment":[{"href":"https:\/\/blog.fondation-ove.fr\/celadon\/wp-json\/wp\/v2\/media?parent=1268"}],"curies":[{"name":"wp","href":"https:\/\/api.w.org\/{rel}","templated":true}]}}