{"id":1204,"date":"2019-03-08T10:28:07","date_gmt":"2019-03-08T09:28:07","guid":{"rendered":"http:\/\/blog.fondation-ove.fr\/celadon\/?page_id=1204"},"modified":"2019-03-12T08:42:06","modified_gmt":"2019-03-12T07:42:06","slug":"la-rencontre-des-chevaux","status":"publish","type":"page","link":"https:\/\/blog.fondation-ove.fr\/celadon\/la-rencontre-des-chevaux\/","title":{"rendered":"La rencontre des chevaux"},"content":{"rendered":"<p>Jeudi 7 mars, nous sommes all\u00e9s au centre \u00e9questre \u00e0 Valeille pour notre premi\u00e8re s\u00e9ance avec les chevaux. Quand on est arriv\u00e9s, un chien a aboy\u00e9 puis il nous a senti. Il y avait aussi un vieux chat qui aimait bien les caresses.&nbsp;&nbsp;&nbsp;&nbsp;&nbsp;&nbsp;&nbsp;&nbsp;&nbsp;&nbsp;&nbsp;&nbsp;&nbsp;&nbsp;&nbsp;&nbsp;&nbsp;&nbsp;&nbsp;&nbsp;&nbsp;&nbsp;&nbsp;&nbsp;&nbsp;&nbsp;&nbsp;&nbsp;&nbsp;&nbsp;&nbsp;&nbsp;&nbsp;&nbsp;&nbsp;&nbsp;&nbsp;&nbsp;&nbsp;&nbsp;&nbsp;&nbsp;&nbsp;&nbsp;&nbsp;&nbsp;&nbsp;&nbsp;&nbsp;&nbsp;&nbsp;&nbsp;&nbsp;&nbsp; Carole, la responsable du centre, nous a expliqu\u00e9 comment se comporter avec les chevaux : le cheval est un animal craintif et curieux, il faut \u00eatre calme si on veut qu&rsquo;il vienne vers nous. Si on ne bouge pas, il vient nous voir. Nous nous sommes pr\u00e9sent\u00e9s, nous avons dit notre \u00e2ge.&nbsp;&nbsp;<\/p>\n<p>Apr\u00e8s, nous sommes all\u00e9s dans le pr\u00e9 voir les chevaux et les poneys. Heureusement que nous avions des bottes car c&rsquo;\u00e9tait plein de boue et de crottins. L\u00e0, Carole nous a pr\u00e9sent\u00e9 les chevaux par leur nom et nous avons choisi notre cheval. Par exemple, Nathan a choisi Brownie et Julien, Rambo. Les chevaux nous ont sentis, on les a un peu caress\u00e9s et chatouill\u00e9s vers la crini\u00e8re car ils aiment bien cela.<\/p>\n<p><img loading=\"lazy\" decoding=\"async\" class=\"alignnone size-medium wp-image-1209 aligncenter\" src=\"http:\/\/blog.fondation-ove.fr\/celadon\/wp-content\/uploads\/sites\/56\/2019\/03\/ethologie-300x200.jpg\" alt=\"\" width=\"300\" height=\"200\"><\/p>\n<p>Ensuite, nous les avons laiss\u00e9s tranquille (Brownie suivait Nathan&#8230;) et nous avons quitt\u00e9 le pr\u00e9. On commencera \u00e0 travailler avec eux la semaine prochaine !<\/p>\n<p>Nathan et Julien<\/p>\n<p>&nbsp;<\/p>\n<p>&nbsp;&nbsp;&nbsp;&nbsp;&nbsp;&nbsp;&nbsp;&nbsp;&nbsp;&nbsp;&nbsp;&nbsp;&nbsp;&nbsp;&nbsp;&nbsp;&nbsp;&nbsp;&nbsp;&nbsp;&nbsp;&nbsp;&nbsp;&nbsp;&nbsp;&nbsp;&nbsp;&nbsp;&nbsp;&nbsp;&nbsp;&nbsp;&nbsp;&nbsp;&nbsp;&nbsp;&nbsp;&nbsp;&nbsp;&nbsp;&nbsp;&nbsp;&nbsp;&nbsp;&nbsp;&nbsp;&nbsp;&nbsp;&nbsp;&nbsp;&nbsp;&nbsp;&nbsp;&nbsp;&nbsp;&nbsp;&nbsp;&nbsp;&nbsp;&nbsp;&nbsp;&nbsp;&nbsp;&nbsp;&nbsp;&nbsp;&nbsp;&nbsp;&nbsp;&nbsp;&nbsp;&nbsp;&nbsp;&nbsp;&nbsp;&nbsp;&nbsp;&nbsp;&nbsp;&nbsp;&nbsp;&nbsp;&nbsp;&nbsp;&nbsp;&nbsp;&nbsp;&nbsp;&nbsp;&nbsp;&nbsp;&nbsp;&nbsp;&nbsp;&nbsp;&nbsp;&nbsp;&nbsp;&nbsp;&nbsp;&nbsp;&nbsp;&nbsp;&nbsp;&nbsp;&nbsp;&nbsp;&nbsp;&nbsp;&nbsp;&nbsp;<\/p>\n","protected":false},"excerpt":{"rendered":"<p>Jeudi 7 mars, nous sommes all\u00e9s au centre \u00e9questre \u00e0 Valeille pour notre premi\u00e8re s\u00e9ance avec les chevaux. Quand on est arriv\u00e9s, un chien a aboy\u00e9 puis il nous a senti. Il y avait aussi un vieux chat qui aimait &hellip; <a href=\"https:\/\/blog.fondation-ove.fr\/celadon\/la-rencontre-des-chevaux\/\">Continuer la lecture <span class=\"meta-nav\">&rarr;<\/span><\/a><\/p>\n","protected":false},"author":413,"featured_media":0,"parent":0,"menu_order":0,"comment_status":"closed","ping_status":"closed","template":"","meta":{"ngg_post_thumbnail":0,"footnotes":""},"class_list":["post-1204","page","type-page","status-publish","hentry"],"_links":{"self":[{"href":"https:\/\/blog.fondation-ove.fr\/celadon\/wp-json\/wp\/v2\/pages\/1204","targetHints":{"allow":["GET"]}}],"collection":[{"href":"https:\/\/blog.fondation-ove.fr\/celadon\/wp-json\/wp\/v2\/pages"}],"about":[{"href":"https:\/\/blog.fondation-ove.fr\/celadon\/wp-json\/wp\/v2\/types\/page"}],"author":[{"embeddable":true,"href":"https:\/\/blog.fondation-ove.fr\/celadon\/wp-json\/wp\/v2\/users\/413"}],"replies":[{"embeddable":true,"href":"https:\/\/blog.fondation-ove.fr\/celadon\/wp-json\/wp\/v2\/comments?post=1204"}],"version-history":[{"count":4,"href":"https:\/\/blog.fondation-ove.fr\/celadon\/wp-json\/wp\/v2\/pages\/1204\/revisions"}],"predecessor-version":[{"id":1210,"href":"https:\/\/blog.fondation-ove.fr\/celadon\/wp-json\/wp\/v2\/pages\/1204\/revisions\/1210"}],"wp:attachment":[{"href":"https:\/\/blog.fondation-ove.fr\/celadon\/wp-json\/wp\/v2\/media?parent=1204"}],"curies":[{"name":"wp","href":"https:\/\/api.w.org\/{rel}","templated":true}]}}