{"id":1198,"date":"2019-03-07T15:02:23","date_gmt":"2019-03-07T14:02:23","guid":{"rendered":"http:\/\/blog.fondation-ove.fr\/celadon\/?page_id=1198"},"modified":"2019-03-07T15:02:23","modified_gmt":"2019-03-07T14:02:23","slug":"mon-prochain-stage","status":"publish","type":"page","link":"https:\/\/blog.fondation-ove.fr\/celadon\/mon-prochain-stage\/","title":{"rendered":"Mon prochain stage&#8230;"},"content":{"rendered":"<p>Je vais faire un nouveau stage du lundi 11 au vendredi 22 mars.&nbsp;&nbsp;&nbsp;&nbsp;&nbsp;&nbsp;&nbsp;&nbsp;&nbsp;&nbsp;&nbsp;&nbsp;&nbsp;&nbsp;&nbsp;&nbsp;&nbsp;&nbsp;&nbsp;&nbsp;&nbsp;&nbsp;&nbsp;&nbsp;&nbsp;&nbsp;&nbsp;&nbsp;&nbsp;&nbsp;&nbsp;&nbsp;&nbsp;&nbsp;&nbsp;&nbsp;&nbsp;&nbsp;&nbsp;&nbsp; Je suis heureux de commence ce stage \u00e0 l&rsquo;ESAT ASPRONA&nbsp; \u00e0 Andr\u00e9zieux-Bouth\u00e9on. Lundi, je suis all\u00e9 visiter l&rsquo;ESAT avec mon \u00e9ducateur et ma m\u00e8re. On a visit\u00e9 puis on est reparti. J&rsquo;ai trouve\u00e9 les gens tr\u00e8s sympathiques.<\/p>\n<p>Valentin<\/p>\n<p>&nbsp;<\/p>\n<p>&nbsp;<\/p>\n<p>&nbsp;<\/p>\n","protected":false},"excerpt":{"rendered":"<p>Je vais faire un nouveau stage du lundi 11 au vendredi 22 mars.&nbsp;&nbsp;&nbsp;&nbsp;&nbsp;&nbsp;&nbsp;&nbsp;&nbsp;&nbsp;&nbsp;&nbsp;&nbsp;&nbsp;&nbsp;&nbsp;&nbsp;&nbsp;&nbsp;&nbsp;&nbsp;&nbsp;&nbsp;&nbsp;&nbsp;&nbsp;&nbsp;&nbsp;&nbsp;&nbsp;&nbsp;&nbsp;&nbsp;&nbsp;&nbsp;&nbsp;&nbsp;&nbsp;&nbsp;&nbsp; Je suis heureux de commence ce stage \u00e0 l&rsquo;ESAT ASPRONA&nbsp; \u00e0 Andr\u00e9zieux-Bouth\u00e9on. Lundi, je suis all\u00e9 visiter l&rsquo;ESAT avec mon \u00e9ducateur et ma m\u00e8re. On a visit\u00e9 &hellip; <a href=\"https:\/\/blog.fondation-ove.fr\/celadon\/mon-prochain-stage\/\">Continuer la lecture <span class=\"meta-nav\">&rarr;<\/span><\/a><\/p>\n","protected":false},"author":413,"featured_media":0,"parent":0,"menu_order":0,"comment_status":"closed","ping_status":"closed","template":"","meta":{"ngg_post_thumbnail":0,"footnotes":""},"class_list":["post-1198","page","type-page","status-publish","hentry"],"_links":{"self":[{"href":"https:\/\/blog.fondation-ove.fr\/celadon\/wp-json\/wp\/v2\/pages\/1198","targetHints":{"allow":["GET"]}}],"collection":[{"href":"https:\/\/blog.fondation-ove.fr\/celadon\/wp-json\/wp\/v2\/pages"}],"about":[{"href":"https:\/\/blog.fondation-ove.fr\/celadon\/wp-json\/wp\/v2\/types\/page"}],"author":[{"embeddable":true,"href":"https:\/\/blog.fondation-ove.fr\/celadon\/wp-json\/wp\/v2\/users\/413"}],"replies":[{"embeddable":true,"href":"https:\/\/blog.fondation-ove.fr\/celadon\/wp-json\/wp\/v2\/comments?post=1198"}],"version-history":[{"count":1,"href":"https:\/\/blog.fondation-ove.fr\/celadon\/wp-json\/wp\/v2\/pages\/1198\/revisions"}],"predecessor-version":[{"id":1201,"href":"https:\/\/blog.fondation-ove.fr\/celadon\/wp-json\/wp\/v2\/pages\/1198\/revisions\/1201"}],"wp:attachment":[{"href":"https:\/\/blog.fondation-ove.fr\/celadon\/wp-json\/wp\/v2\/media?parent=1198"}],"curies":[{"name":"wp","href":"https:\/\/api.w.org\/{rel}","templated":true}]}}