{"id":1167,"date":"2019-02-07T15:38:26","date_gmt":"2019-02-07T14:38:26","guid":{"rendered":"http:\/\/blog.fondation-ove.fr\/celadon\/?page_id=1167"},"modified":"2019-02-07T15:51:30","modified_gmt":"2019-02-07T14:51:30","slug":"sport-adapte","status":"publish","type":"page","link":"https:\/\/blog.fondation-ove.fr\/celadon\/sport-adapte\/","title":{"rendered":"Rencontre autour de sports bizarres&#8230;"},"content":{"rendered":"<p>Mercredi&nbsp; 6 f\u00e9vrier, nous nous sommes all\u00e9s \u00e0 Rive de Gier pour une rencontre de sport partag\u00e9.<\/p>\n<p>On a fait des \u00e9quipes pour faire les trois sports un peu particulier.<\/p>\n<p><img loading=\"lazy\" decoding=\"async\" class=\"size-medium wp-image-1177 aligncenter\" src=\"http:\/\/blog.fondation-ove.fr\/celadon\/wp-content\/uploads\/sites\/56\/2019\/02\/sport-adpat\u00e9-5-225x300.jpg\" alt=\"\" width=\"225\" height=\"300\"><img loading=\"lazy\" decoding=\"async\" class=\"alignnone size-medium wp-image-1174 aligncenter\" src=\"http:\/\/blog.fondation-ove.fr\/celadon\/wp-content\/uploads\/sites\/56\/2019\/02\/sport-adpat\u00e9-1-225x300.jpg\" alt=\"\" width=\"225\" height=\"300\"><\/p>\n<p>On a commenc\u00e9 par tor ball&nbsp; : on est assis sur des tapis avec un masque sur les yeux et on doit arr\u00eat\u00e9 un ballon qui contient des grelots juste avec le son.<\/p>\n<p><img loading=\"lazy\" decoding=\"async\" class=\"alignnone size-medium wp-image-1176 aligncenter\" src=\"http:\/\/blog.fondation-ove.fr\/celadon\/wp-content\/uploads\/sites\/56\/2019\/02\/sport-adpat\u00e9-3-225x300.jpg\" alt=\"\" width=\"225\" height=\"300\"><img loading=\"lazy\" decoding=\"async\" class=\"alignnone size-medium wp-image-1175 aligncenter\" src=\"http:\/\/blog.fondation-ove.fr\/celadon\/wp-content\/uploads\/sites\/56\/2019\/02\/sport-adpat\u00e9-2-225x300.jpg\" alt=\"\" width=\"225\" height=\"300\"><\/p>\n<p>Puis,&nbsp; on a fait du volley assis : on avait chacun trois essais et le but \u00e9tait de pousser le ballon dans le camp adverse.<\/p>\n<p><img loading=\"lazy\" decoding=\"async\" class=\"alignnone size-medium wp-image-1178 aligncenter\" src=\"http:\/\/blog.fondation-ove.fr\/celadon\/wp-content\/uploads\/sites\/56\/2019\/02\/sport-adpat\u00e9-7-225x300.jpg\" alt=\"\" width=\"225\" height=\"300\"><\/p>\n<p>Enfin, le king ball :&nbsp; on \u00e9tait quatre par \u00e9quipe avec un ballon g\u00e9ant. On devait annoncer une&nbsp; couleur puis frapper le ballon. L&rsquo;\u00e9quipe annonc\u00e9 devait r\u00e9ceptionner la balle sans qu&rsquo;elle ne tombe par terre.<\/p>\n<p><img loading=\"lazy\" decoding=\"async\" class=\"alignnone size-medium wp-image-1179 aligncenter\" src=\"http:\/\/blog.fondation-ove.fr\/celadon\/wp-content\/uploads\/sites\/56\/2019\/02\/sport-adpat\u00e9-8-225x300.jpg\" alt=\"\" width=\"225\" height=\"300\"><\/p>\n<p>A la fin,&nbsp; on a eu un un go\u00fbter et un cadeau puis on est rentr\u00e9 \u00e0 l&rsquo;IME.<\/p>\n<p>Maxime et Furkan<\/p>\n","protected":false},"excerpt":{"rendered":"<p>Mercredi&nbsp; 6 f\u00e9vrier, nous nous sommes all\u00e9s \u00e0 Rive de Gier pour une rencontre de sport partag\u00e9. On a fait des \u00e9quipes pour faire les trois sports un peu particulier. On a commenc\u00e9 par tor ball&nbsp; : on est assis &hellip; <a href=\"https:\/\/blog.fondation-ove.fr\/celadon\/sport-adapte\/\">Continuer la lecture <span class=\"meta-nav\">&rarr;<\/span><\/a><\/p>\n","protected":false},"author":413,"featured_media":0,"parent":0,"menu_order":0,"comment_status":"closed","ping_status":"closed","template":"","meta":{"ngg_post_thumbnail":0,"footnotes":""},"class_list":["post-1167","page","type-page","status-publish","hentry"],"_links":{"self":[{"href":"https:\/\/blog.fondation-ove.fr\/celadon\/wp-json\/wp\/v2\/pages\/1167","targetHints":{"allow":["GET"]}}],"collection":[{"href":"https:\/\/blog.fondation-ove.fr\/celadon\/wp-json\/wp\/v2\/pages"}],"about":[{"href":"https:\/\/blog.fondation-ove.fr\/celadon\/wp-json\/wp\/v2\/types\/page"}],"author":[{"embeddable":true,"href":"https:\/\/blog.fondation-ove.fr\/celadon\/wp-json\/wp\/v2\/users\/413"}],"replies":[{"embeddable":true,"href":"https:\/\/blog.fondation-ove.fr\/celadon\/wp-json\/wp\/v2\/comments?post=1167"}],"version-history":[{"count":3,"href":"https:\/\/blog.fondation-ove.fr\/celadon\/wp-json\/wp\/v2\/pages\/1167\/revisions"}],"predecessor-version":[{"id":1184,"href":"https:\/\/blog.fondation-ove.fr\/celadon\/wp-json\/wp\/v2\/pages\/1167\/revisions\/1184"}],"wp:attachment":[{"href":"https:\/\/blog.fondation-ove.fr\/celadon\/wp-json\/wp\/v2\/media?parent=1167"}],"curies":[{"name":"wp","href":"https:\/\/api.w.org\/{rel}","templated":true}]}}