{"id":1131,"date":"2019-01-24T14:58:26","date_gmt":"2019-01-24T13:58:26","guid":{"rendered":"http:\/\/blog.fondation-ove.fr\/celadon\/?page_id=1131"},"modified":"2019-01-24T14:58:41","modified_gmt":"2019-01-24T13:58:41","slug":"la-cuisine-du-mardi","status":"publish","type":"page","link":"https:\/\/blog.fondation-ove.fr\/celadon\/la-cuisine-du-mardi\/","title":{"rendered":"La cuisine du mardi"},"content":{"rendered":"<p>Tous les mardis matin de 9h00 \u00e0 13h00 avec Patricia, nous faisons de la cuisine p\u00e9dagogique au SESSAD, situ\u00e9 rue Gambetta.<\/p>\n<p>Pour commencer, nous choisissons le menu.<\/p>\n<p>Ensuite, on part faire les courses. Nous achetons les ingr\u00e9dients pour pr\u00e9parer le repas. Chacun a un r\u00f4le diff\u00e9rent.<\/p>\n<p>Par exemple, un jour on a fait des pizzas.&nbsp; Un groupe a fait la p\u00e2te, un autre a garni les pizzas. Vincent a fait un pana cotta.<\/p>\n<p>Apr\u00e8s, on les a mis les pizzas au four puis on a mis la table.<\/p>\n<p>Nous avons d\u00e9gust\u00e9 nos pizzas et la pana cotta.<\/p>\n<p>Puis nous avons d\u00e9barrass\u00e9 la table, fait la vaisselle, pass\u00e9 le balai et on est rentr\u00e9 \u00e0 l\u2019IME. &nbsp;<\/p>\n<p>&nbsp;<\/p>\n<p>Maxime<\/p>\n","protected":false},"excerpt":{"rendered":"<p>Tous les mardis matin de 9h00 \u00e0 13h00 avec Patricia, nous faisons de la cuisine p\u00e9dagogique au SESSAD, situ\u00e9 rue Gambetta. Pour commencer, nous choisissons le menu. Ensuite, on part faire les courses. Nous achetons les ingr\u00e9dients pour pr\u00e9parer le &hellip; <a href=\"https:\/\/blog.fondation-ove.fr\/celadon\/la-cuisine-du-mardi\/\">Continuer la lecture <span class=\"meta-nav\">&rarr;<\/span><\/a><\/p>\n","protected":false},"author":413,"featured_media":0,"parent":0,"menu_order":0,"comment_status":"closed","ping_status":"closed","template":"","meta":{"ngg_post_thumbnail":0,"footnotes":""},"class_list":["post-1131","page","type-page","status-publish","hentry"],"_links":{"self":[{"href":"https:\/\/blog.fondation-ove.fr\/celadon\/wp-json\/wp\/v2\/pages\/1131","targetHints":{"allow":["GET"]}}],"collection":[{"href":"https:\/\/blog.fondation-ove.fr\/celadon\/wp-json\/wp\/v2\/pages"}],"about":[{"href":"https:\/\/blog.fondation-ove.fr\/celadon\/wp-json\/wp\/v2\/types\/page"}],"author":[{"embeddable":true,"href":"https:\/\/blog.fondation-ove.fr\/celadon\/wp-json\/wp\/v2\/users\/413"}],"replies":[{"embeddable":true,"href":"https:\/\/blog.fondation-ove.fr\/celadon\/wp-json\/wp\/v2\/comments?post=1131"}],"version-history":[{"count":1,"href":"https:\/\/blog.fondation-ove.fr\/celadon\/wp-json\/wp\/v2\/pages\/1131\/revisions"}],"predecessor-version":[{"id":1133,"href":"https:\/\/blog.fondation-ove.fr\/celadon\/wp-json\/wp\/v2\/pages\/1131\/revisions\/1133"}],"wp:attachment":[{"href":"https:\/\/blog.fondation-ove.fr\/celadon\/wp-json\/wp\/v2\/media?parent=1131"}],"curies":[{"name":"wp","href":"https:\/\/api.w.org\/{rel}","templated":true}]}}