{"id":1111,"date":"2019-01-10T15:34:00","date_gmt":"2019-01-10T14:34:00","guid":{"rendered":"http:\/\/blog.fondation-ove.fr\/celadon\/?page_id=1111"},"modified":"2019-01-17T15:49:21","modified_gmt":"2019-01-17T14:49:21","slug":"joyeux-noel-2018","status":"publish","type":"page","link":"https:\/\/blog.fondation-ove.fr\/celadon\/joyeux-noel-2018\/","title":{"rendered":"Joyeux no\u00ebl 2018"},"content":{"rendered":"<p>Le jeudi 20 d\u00e9cembre, nous avons fait le repas de no\u00ebl \u00e0 l&rsquo;IME.<\/p>\n<p>On a fait un&nbsp; groupe de cuisine pour pr\u00e9parer le repas. On \u00e9tait plusieurs groupes : un pour les entr\u00e9es, un pour le plat principal et un pour le dessert.<\/p>\n<p><img loading=\"lazy\" decoding=\"async\" class=\"alignnone size-medium wp-image-1125 aligncenter\" src=\"http:\/\/blog.fondation-ove.fr\/celadon\/wp-content\/uploads\/sites\/56\/2019\/01\/IMG_0874-300x225.jpg\" alt=\"\" width=\"300\" height=\"225\"><img loading=\"lazy\" decoding=\"async\" class=\"alignnone size-medium wp-image-1124 aligncenter\" src=\"http:\/\/blog.fondation-ove.fr\/celadon\/wp-content\/uploads\/sites\/56\/2019\/01\/IMG_0873-300x225.jpg\" alt=\"\" width=\"300\" height=\"225\"><\/p>\n<p>Voici notre menu :<\/p>\n<ul>\n<li>Verrine cr\u00e8me de petits pois et verrine fromage frais saumon<\/li>\n<li>Filet mignon aux champignons et \u00e0 la cr\u00e8me&nbsp;<\/li>\n<li>Pommes dauphines<\/li>\n<li>B\u00fbche chocolat<\/li>\n<\/ul>\n<p>On a bien mang\u00e9 et apr\u00e8s le repas, on a chant\u00e9.<\/p>\n<p>Anne-Sophie, Kylian et Corentin<\/p>\n<p>&nbsp;<\/p>\n<p>&nbsp;<\/p>\n","protected":false},"excerpt":{"rendered":"<p>Le jeudi 20 d\u00e9cembre, nous avons fait le repas de no\u00ebl \u00e0 l&rsquo;IME. On a fait un&nbsp; groupe de cuisine pour pr\u00e9parer le repas. On \u00e9tait plusieurs groupes : un pour les entr\u00e9es, un pour le plat principal et un &hellip; <a href=\"https:\/\/blog.fondation-ove.fr\/celadon\/joyeux-noel-2018\/\">Continuer la lecture <span class=\"meta-nav\">&rarr;<\/span><\/a><\/p>\n","protected":false},"author":413,"featured_media":0,"parent":0,"menu_order":0,"comment_status":"closed","ping_status":"closed","template":"","meta":{"ngg_post_thumbnail":0,"footnotes":""},"class_list":["post-1111","page","type-page","status-publish","hentry"],"_links":{"self":[{"href":"https:\/\/blog.fondation-ove.fr\/celadon\/wp-json\/wp\/v2\/pages\/1111","targetHints":{"allow":["GET"]}}],"collection":[{"href":"https:\/\/blog.fondation-ove.fr\/celadon\/wp-json\/wp\/v2\/pages"}],"about":[{"href":"https:\/\/blog.fondation-ove.fr\/celadon\/wp-json\/wp\/v2\/types\/page"}],"author":[{"embeddable":true,"href":"https:\/\/blog.fondation-ove.fr\/celadon\/wp-json\/wp\/v2\/users\/413"}],"replies":[{"embeddable":true,"href":"https:\/\/blog.fondation-ove.fr\/celadon\/wp-json\/wp\/v2\/comments?post=1111"}],"version-history":[{"count":4,"href":"https:\/\/blog.fondation-ove.fr\/celadon\/wp-json\/wp\/v2\/pages\/1111\/revisions"}],"predecessor-version":[{"id":1127,"href":"https:\/\/blog.fondation-ove.fr\/celadon\/wp-json\/wp\/v2\/pages\/1111\/revisions\/1127"}],"wp:attachment":[{"href":"https:\/\/blog.fondation-ove.fr\/celadon\/wp-json\/wp\/v2\/media?parent=1111"}],"curies":[{"name":"wp","href":"https:\/\/api.w.org\/{rel}","templated":true}]}}