{"id":1055,"date":"2018-11-30T15:19:14","date_gmt":"2018-11-30T14:19:14","guid":{"rendered":"http:\/\/blog.fondation-ove.fr\/celadon\/?page_id=1055"},"modified":"2019-03-21T15:05:43","modified_gmt":"2019-03-21T14:05:43","slug":"a-lesat","status":"publish","type":"page","link":"https:\/\/blog.fondation-ove.fr\/celadon\/a-lesat\/","title":{"rendered":"A l&rsquo;ESAT de Feurs"},"content":{"rendered":"<p>Nous allons \u00e0 l&rsquo;ESAT de Feurs avec K\u00e9vin tous les vendredis matin. Nous y allons en voiture. Apr\u00e8s nous \u00eatre gar\u00e9s, nous rejoignons les vestiaires o\u00f9 on met une blouse et des chaussures de s\u00e9curit\u00e9.<\/p>\n<p><img loading=\"lazy\" decoding=\"async\" class=\"alignnone size-medium wp-image-1072 aligncenter\" src=\"http:\/\/blog.fondation-ove.fr\/celadon\/wp-content\/uploads\/sites\/56\/2018\/11\/ludivine-esat-225x300.jpg\" alt=\"\" width=\"225\" height=\"300\"><\/p>\n<p>Puis, on va travailler sur&nbsp; diff\u00e9rents postes de travail : mettre des bouchons sur chaque extr\u00e9mit\u00e9 de flexibles de voiture, mettre des \u00e9tiquettes sur des godets de fleurs ou encore embo\u00eeter des pi\u00e8ces de structures de piscine. C&rsquo;est Andr\u00e9e ou une autre monitrice d&rsquo;atelier qui nous dit sur quel poste nous devons nous installer. On fait une pause de 10h \u00e0 10h15 puis on retourne \u00e0 nos postes jusqu&rsquo;\u00e0 11h45.<\/p>\n<p><img loading=\"lazy\" decoding=\"async\" class=\"alignnone size-medium wp-image-1073 aligncenter\" src=\"http:\/\/blog.fondation-ove.fr\/celadon\/wp-content\/uploads\/sites\/56\/2018\/11\/corentin-esat-225x300.jpg\" alt=\"\" width=\"225\" height=\"300\"><\/p>\n<p>A ce moment-l\u00e0, nous retournons au vestiaire nous changer et nous rentrons manger \u00e0 l&rsquo;IME. Nous n&rsquo;oublions pas de saluer tout le monde avant de partir.<\/p>\n<p><img loading=\"lazy\" decoding=\"async\" class=\"alignnone size-medium wp-image-1071 aligncenter\" src=\"http:\/\/blog.fondation-ove.fr\/celadon\/wp-content\/uploads\/sites\/56\/2018\/11\/anne-so-esat-225x300.jpg\" alt=\"\" width=\"225\" height=\"300\"><\/p>\n<p>Anne-Sophie, Ludivine et Corentin<\/p>\n","protected":false},"excerpt":{"rendered":"<p>Nous allons \u00e0 l&rsquo;ESAT de Feurs avec K\u00e9vin tous les vendredis matin. Nous y allons en voiture. Apr\u00e8s nous \u00eatre gar\u00e9s, nous rejoignons les vestiaires o\u00f9 on met une blouse et des chaussures de s\u00e9curit\u00e9. Puis, on va travailler sur&nbsp; &hellip; <a href=\"https:\/\/blog.fondation-ove.fr\/celadon\/a-lesat\/\">Continuer la lecture <span class=\"meta-nav\">&rarr;<\/span><\/a><\/p>\n","protected":false},"author":413,"featured_media":0,"parent":0,"menu_order":0,"comment_status":"closed","ping_status":"closed","template":"","meta":{"ngg_post_thumbnail":0,"footnotes":""},"class_list":["post-1055","page","type-page","status-publish","hentry"],"_links":{"self":[{"href":"https:\/\/blog.fondation-ove.fr\/celadon\/wp-json\/wp\/v2\/pages\/1055","targetHints":{"allow":["GET"]}}],"collection":[{"href":"https:\/\/blog.fondation-ove.fr\/celadon\/wp-json\/wp\/v2\/pages"}],"about":[{"href":"https:\/\/blog.fondation-ove.fr\/celadon\/wp-json\/wp\/v2\/types\/page"}],"author":[{"embeddable":true,"href":"https:\/\/blog.fondation-ove.fr\/celadon\/wp-json\/wp\/v2\/users\/413"}],"replies":[{"embeddable":true,"href":"https:\/\/blog.fondation-ove.fr\/celadon\/wp-json\/wp\/v2\/comments?post=1055"}],"version-history":[{"count":6,"href":"https:\/\/blog.fondation-ove.fr\/celadon\/wp-json\/wp\/v2\/pages\/1055\/revisions"}],"predecessor-version":[{"id":1257,"href":"https:\/\/blog.fondation-ove.fr\/celadon\/wp-json\/wp\/v2\/pages\/1055\/revisions\/1257"}],"wp:attachment":[{"href":"https:\/\/blog.fondation-ove.fr\/celadon\/wp-json\/wp\/v2\/media?parent=1055"}],"curies":[{"name":"wp","href":"https:\/\/api.w.org\/{rel}","templated":true}]}}