{"id":1050,"date":"2018-11-22T15:35:42","date_gmt":"2018-11-22T14:35:42","guid":{"rendered":"http:\/\/blog.fondation-ove.fr\/celadon\/?page_id=1050"},"modified":"2018-11-22T15:35:42","modified_gmt":"2018-11-22T14:35:42","slug":"au-lycee-du-puits-de-laune","status":"publish","type":"page","link":"https:\/\/blog.fondation-ove.fr\/celadon\/au-lycee-du-puits-de-laune\/","title":{"rendered":"Au lyc\u00e9e du Puits de l&rsquo;Aune"},"content":{"rendered":"<p>Lundi 22 Novembre, on est all\u00e9s au lyc\u00e9e du Puits de l&rsquo;Aune pour faire du sport.<\/p>\n<p>Des \u00e9l\u00e8ves de premi\u00e8re SAPAT avaient organis\u00e9 un circuit que l&rsquo;on a&nbsp; fait en \u00e9quipe : il fallait sauter, marcher dans des cerceaux, lancer un ballon.<\/p>\n<p>Apr\u00e8s, on a fait un loto dans la salle du foyer.<\/p>\n<p>A la fin, elles nous ont offert une boisson et un g\u00e2teau.<\/p>\n<p>C&rsquo;\u00e9tait bien et rigolo.<\/p>\n<p>Gr\u00e9goire et Kylian<\/p>\n","protected":false},"excerpt":{"rendered":"<p>Lundi 22 Novembre, on est all\u00e9s au lyc\u00e9e du Puits de l&rsquo;Aune pour faire du sport. Des \u00e9l\u00e8ves de premi\u00e8re SAPAT avaient organis\u00e9 un circuit que l&rsquo;on a&nbsp; fait en \u00e9quipe : il fallait sauter, marcher dans des cerceaux, lancer &hellip; <a href=\"https:\/\/blog.fondation-ove.fr\/celadon\/au-lycee-du-puits-de-laune\/\">Continuer la lecture <span class=\"meta-nav\">&rarr;<\/span><\/a><\/p>\n","protected":false},"author":413,"featured_media":0,"parent":0,"menu_order":0,"comment_status":"closed","ping_status":"closed","template":"","meta":{"ngg_post_thumbnail":0,"footnotes":""},"class_list":["post-1050","page","type-page","status-publish","hentry"],"_links":{"self":[{"href":"https:\/\/blog.fondation-ove.fr\/celadon\/wp-json\/wp\/v2\/pages\/1050","targetHints":{"allow":["GET"]}}],"collection":[{"href":"https:\/\/blog.fondation-ove.fr\/celadon\/wp-json\/wp\/v2\/pages"}],"about":[{"href":"https:\/\/blog.fondation-ove.fr\/celadon\/wp-json\/wp\/v2\/types\/page"}],"author":[{"embeddable":true,"href":"https:\/\/blog.fondation-ove.fr\/celadon\/wp-json\/wp\/v2\/users\/413"}],"replies":[{"embeddable":true,"href":"https:\/\/blog.fondation-ove.fr\/celadon\/wp-json\/wp\/v2\/comments?post=1050"}],"version-history":[{"count":1,"href":"https:\/\/blog.fondation-ove.fr\/celadon\/wp-json\/wp\/v2\/pages\/1050\/revisions"}],"predecessor-version":[{"id":1053,"href":"https:\/\/blog.fondation-ove.fr\/celadon\/wp-json\/wp\/v2\/pages\/1050\/revisions\/1053"}],"wp:attachment":[{"href":"https:\/\/blog.fondation-ove.fr\/celadon\/wp-json\/wp\/v2\/media?parent=1050"}],"curies":[{"name":"wp","href":"https:\/\/api.w.org\/{rel}","templated":true}]}}