{"id":1044,"date":"2018-11-22T14:58:53","date_gmt":"2018-11-22T13:58:53","guid":{"rendered":"http:\/\/blog.fondation-ove.fr\/celadon\/?page_id=1044"},"modified":"2018-11-22T15:03:46","modified_gmt":"2018-11-22T14:03:46","slug":"les-palettes","status":"publish","type":"page","link":"https:\/\/blog.fondation-ove.fr\/celadon\/les-palettes\/","title":{"rendered":"Les palettes"},"content":{"rendered":"<p>Aujourd&rsquo;hui, nous sommes all\u00e9s chercher des palettes au coll\u00e8ge avec patricia. Apr\u00e8s le repas, nous avons pris&nbsp; le Trafic et nous sommes all\u00e9s au coll\u00e8ge Champagnat. Pour Gr\u00e9goire, c&rsquo;\u00e9tait la premi\u00e8re fois qu&rsquo;il voyait le coll\u00e8ge. Nous avons r\u00e9cup\u00e9r\u00e9 des cagettes et cinq palettes pour faire un banc et d&rsquo;autres objets pendant l&rsquo;atelier bois .<\/p>\n<p><img loading=\"lazy\" decoding=\"async\" class=\"alignnone size-medium wp-image-1048 aligncenter\" src=\"http:\/\/blog.fondation-ove.fr\/celadon\/wp-content\/uploads\/sites\/56\/2018\/11\/20181122_142650-300x169.jpg\" alt=\"\" width=\"300\" height=\"169\"><\/p>\n<p>Gr\u00e9goire&nbsp; et&nbsp; Kylian&nbsp;<\/p>\n","protected":false},"excerpt":{"rendered":"<p>Aujourd&rsquo;hui, nous sommes all\u00e9s chercher des palettes au coll\u00e8ge avec patricia. Apr\u00e8s le repas, nous avons pris&nbsp; le Trafic et nous sommes all\u00e9s au coll\u00e8ge Champagnat. Pour Gr\u00e9goire, c&rsquo;\u00e9tait la premi\u00e8re fois qu&rsquo;il voyait le coll\u00e8ge. Nous avons r\u00e9cup\u00e9r\u00e9 des &hellip; <a href=\"https:\/\/blog.fondation-ove.fr\/celadon\/les-palettes\/\">Continuer la lecture <span class=\"meta-nav\">&rarr;<\/span><\/a><\/p>\n","protected":false},"author":413,"featured_media":0,"parent":0,"menu_order":0,"comment_status":"closed","ping_status":"closed","template":"","meta":{"ngg_post_thumbnail":0,"footnotes":""},"class_list":["post-1044","page","type-page","status-publish","hentry"],"_links":{"self":[{"href":"https:\/\/blog.fondation-ove.fr\/celadon\/wp-json\/wp\/v2\/pages\/1044","targetHints":{"allow":["GET"]}}],"collection":[{"href":"https:\/\/blog.fondation-ove.fr\/celadon\/wp-json\/wp\/v2\/pages"}],"about":[{"href":"https:\/\/blog.fondation-ove.fr\/celadon\/wp-json\/wp\/v2\/types\/page"}],"author":[{"embeddable":true,"href":"https:\/\/blog.fondation-ove.fr\/celadon\/wp-json\/wp\/v2\/users\/413"}],"replies":[{"embeddable":true,"href":"https:\/\/blog.fondation-ove.fr\/celadon\/wp-json\/wp\/v2\/comments?post=1044"}],"version-history":[{"count":2,"href":"https:\/\/blog.fondation-ove.fr\/celadon\/wp-json\/wp\/v2\/pages\/1044\/revisions"}],"predecessor-version":[{"id":1049,"href":"https:\/\/blog.fondation-ove.fr\/celadon\/wp-json\/wp\/v2\/pages\/1044\/revisions\/1049"}],"wp:attachment":[{"href":"https:\/\/blog.fondation-ove.fr\/celadon\/wp-json\/wp\/v2\/media?parent=1044"}],"curies":[{"name":"wp","href":"https:\/\/api.w.org\/{rel}","templated":true}]}}