{"id":1026,"date":"2018-11-08T15:22:21","date_gmt":"2018-11-08T14:22:21","guid":{"rendered":"http:\/\/blog.fondation-ove.fr\/celadon\/?page_id=1026"},"modified":"2018-11-08T15:22:30","modified_gmt":"2018-11-08T14:22:30","slug":"crossfit","status":"publish","type":"page","link":"https:\/\/blog.fondation-ove.fr\/celadon\/crossfit\/","title":{"rendered":"Crossfit !"},"content":{"rendered":"<p>Samedi 29 septembre on est all\u00e9s \u00e0 Feurs pour fait une s\u00e9ance de crossfit.I.<\/p>\n<p>Il y avait Ludivine, Anne &#8211; Sophie, Kylian, S\u00e9verine et Kevin.<\/p>\n<p>On fait plusieurs exercices : porter un ballon lourd, des pompes, monter sur un cube&#8230;<\/p>\n<p>C&rsquo;\u00e9tait fatigant mais on a quand m\u00eame beaucoup aim\u00e9 !<\/p>\n<p>Anne-Sophie et Kylian<\/p>\n<p>&nbsp;<\/p>\n","protected":false},"excerpt":{"rendered":"<p>Samedi 29 septembre on est all\u00e9s \u00e0 Feurs pour fait une s\u00e9ance de crossfit.I. Il y avait Ludivine, Anne &#8211; Sophie, Kylian, S\u00e9verine et Kevin. On fait plusieurs exercices : porter un ballon lourd, des pompes, monter sur un cube&#8230; &hellip; <a href=\"https:\/\/blog.fondation-ove.fr\/celadon\/crossfit\/\">Continuer la lecture <span class=\"meta-nav\">&rarr;<\/span><\/a><\/p>\n","protected":false},"author":413,"featured_media":0,"parent":0,"menu_order":0,"comment_status":"closed","ping_status":"closed","template":"","meta":{"ngg_post_thumbnail":0,"footnotes":""},"class_list":["post-1026","page","type-page","status-publish","hentry"],"_links":{"self":[{"href":"https:\/\/blog.fondation-ove.fr\/celadon\/wp-json\/wp\/v2\/pages\/1026","targetHints":{"allow":["GET"]}}],"collection":[{"href":"https:\/\/blog.fondation-ove.fr\/celadon\/wp-json\/wp\/v2\/pages"}],"about":[{"href":"https:\/\/blog.fondation-ove.fr\/celadon\/wp-json\/wp\/v2\/types\/page"}],"author":[{"embeddable":true,"href":"https:\/\/blog.fondation-ove.fr\/celadon\/wp-json\/wp\/v2\/users\/413"}],"replies":[{"embeddable":true,"href":"https:\/\/blog.fondation-ove.fr\/celadon\/wp-json\/wp\/v2\/comments?post=1026"}],"version-history":[{"count":1,"href":"https:\/\/blog.fondation-ove.fr\/celadon\/wp-json\/wp\/v2\/pages\/1026\/revisions"}],"predecessor-version":[{"id":1028,"href":"https:\/\/blog.fondation-ove.fr\/celadon\/wp-json\/wp\/v2\/pages\/1026\/revisions\/1028"}],"wp:attachment":[{"href":"https:\/\/blog.fondation-ove.fr\/celadon\/wp-json\/wp\/v2\/media?parent=1026"}],"curies":[{"name":"wp","href":"https:\/\/api.w.org\/{rel}","templated":true}]}}